{"id":124,"date":"2016-11-26T09:05:44","date_gmt":"2016-11-26T09:05:44","guid":{"rendered":"http:\/\/bosruckhuette.eu\/?page_id=124"},"modified":"2026-04-27T06:45:27","modified_gmt":"2026-04-27T06:45:27","slug":"winter-skitouren","status":"publish","type":"page","link":"http:\/\/bosruckhuette.eu\/?page_id=124","title":{"rendered":"Winter-Touren"},"content":{"rendered":"<table border=\"0\" width=\"100%\">\n<tbody>\n<tr>\n<td colspan=\"2\">\n<h3 align=\"center\"><span class=\"Stil3  Stil10\"><strong>Skitouren- &amp; Schneeschuhwandertipps<br \/>\nrund um die Bosruckh\u00fctte<\/strong><\/span><\/h3>\n<\/td>\n<\/tr>\n<tr>\n<td colspan=\"2\">\n<p class=\"Stil3  Stil10\" align=\"center\"><strong>Hinweis:<\/strong><br \/>\nF\u00fcr alle Schneeschuhwander- und Rodelfans (ruckXbob) empfehlen wir die n\u00f6tige Ausr\u00fcstung\u00a0 direkt<br \/>\nbei Abenteuer Management (0664 14 22 933 &#8211; Manfred Angerer) auszuleihen.<\/p>\n<p align=\"center\">Gef\u00fchrte Schneeschuhwanderungen, ruckXbob-Touren (schneeschuhwandern und rodeln),<br \/>\nsowie IglubauWorkshops mit \u00dcbernachtung<br \/>\nbietet unser Partner &#8222;Abenteuer Management&#8220; an.<\/p>\n<\/td>\n<\/tr>\n<tr>\n<td>\n<p align=\"right\"><img loading=\"lazy\" decoding=\"async\" class=\"size-medium wp-image-337 aligncenter\" src=\"http:\/\/bosruckhuette.eu\/wp-content\/uploads\/2020\/03\/winter-bosruckhuette-300x186.jpg\" alt=\"\" width=\"300\" height=\"186\" srcset=\"http:\/\/bosruckhuette.eu\/wp-content\/uploads\/2020\/03\/winter-bosruckhuette-300x186.jpg 300w, http:\/\/bosruckhuette.eu\/wp-content\/uploads\/2020\/03\/winter-bosruckhuette-1024x633.jpg 1024w, http:\/\/bosruckhuette.eu\/wp-content\/uploads\/2020\/03\/winter-bosruckhuette-768x475.jpg 768w, http:\/\/bosruckhuette.eu\/wp-content\/uploads\/2020\/03\/winter-bosruckhuette.jpg 1463w\" sizes=\"auto, (max-width: 300px) 100vw, 300px\" \/><\/p>\n<\/td>\n<td style=\"text-align: center; vertical-align: middle;\">\n<p class=\"Stil6\" align=\"center\">START BOSRUCKH\u00dcTTE<\/p>\n<p class=\"Stil6\" align=\"center\">gilt f\u00fcr alle Touren:<\/p>\n<\/td>\n<\/tr>\n<tr>\n<td colspan=\"2\"><\/td>\n<\/tr>\n<tr>\n<td style=\"width: 52%; text-align: left; vertical-align: middle;\" width=\"52%\">\n<div align=\"center\">\n<p class=\"Stil11\">Tour 1) Arlingsattel 1425m<br \/>\nTour 2) Schredlsattel 1420m<br \/>\nTour 3) Karleck 1582m<\/p>\n<p class=\"Stil12\">Tour 1-3 kurze sichere Hochwintertouren. (Einsteigertouren)<br \/>\nDurch nordseitge Lage meist sch\u00f6ner Pulverschnee.<br \/>\nAuch f\u00fcr Snowboader geeignet.<br \/>\nSchwierigkeit: 2<br \/>\nH\u00f6henmeter: von 400 \u2013 550 Hm<br \/>\nAufstiegszeit: 1 \u2013 1,5 Std.<br \/>\nBeste Jahreszeit: GW<\/p>\n<\/div>\n<\/td>\n<td width=\"48%\">\n<div align=\"left\">\n<p><img loading=\"lazy\" decoding=\"async\" class=\"size-medium wp-image-354 aligncenter\" src=\"http:\/\/bosruckhuette.eu\/wp-content\/uploads\/2020\/03\/Blick-vom-Karleck-300x225.jpg\" alt=\"\" width=\"300\" height=\"225\" srcset=\"http:\/\/bosruckhuette.eu\/wp-content\/uploads\/2020\/03\/Blick-vom-Karleck-300x225.jpg 300w, http:\/\/bosruckhuette.eu\/wp-content\/uploads\/2020\/03\/Blick-vom-Karleck-1024x768.jpg 1024w, http:\/\/bosruckhuette.eu\/wp-content\/uploads\/2020\/03\/Blick-vom-Karleck-768x576.jpg 768w, http:\/\/bosruckhuette.eu\/wp-content\/uploads\/2020\/03\/Blick-vom-Karleck-1536x1152.jpg 1536w, http:\/\/bosruckhuette.eu\/wp-content\/uploads\/2020\/03\/Blick-vom-Karleck.jpg 1984w\" sizes=\"auto, (max-width: 300px) 100vw, 300px\" \/><\/p>\n<\/div>\n<\/td>\n<\/tr>\n<tr>\n<td>\n<div align=\"center\">\n<p align=\"right\"><img loading=\"lazy\" decoding=\"async\" src=\"http:\/\/www.bosruckhuette.at\/images\/pleschberg.jpg\" alt=\"Aufstieg auf den R\u00fccken des Pleschberg...\" width=\"250\" height=\"175\" longdesc=\"http:\/\/www.bosruckhuette.at\/images\/pleschberg.jpg\" \/><\/p>\n<\/div>\n<\/td>\n<td>\n<div align=\"left\">\n<p class=\"Stil8\" align=\"center\"><strong>Tour 4) Pleschberg 1720m<\/strong><\/p>\n<p class=\"Stil8\" align=\"center\">Lange Landschaftlich eindrucksvolle Schitour.<br \/>\nSchwierigkeit: 2-3<br \/>\nH\u00f6henmeter: 700 Hm<br \/>\nAufstiegszeit: 3 Std.<br \/>\nBeste Jahreszeit: GW<\/p>\n<\/div>\n<\/td>\n<\/tr>\n<tr>\n<td>\n<div align=\"center\">\n<p class=\"Stil8\"><strong>Tour 5) Scheiblingstein 2197m<\/strong><\/p>\n<p class=\"Stil8\">Langer Anstieg<br \/>\nSchwierigkeit: 2-3<br \/>\nH\u00f6henmeter: 1180 Hm<br \/>\nAufstiegszeit: 4 Std.<br \/>\nBeste Jahreszeit: GW<\/p>\n<\/div>\n<\/td>\n<td>\n<div align=\"left\"><img loading=\"lazy\" decoding=\"async\" src=\"http:\/\/www.bosruckhuette.at\/images\/scheiblingstein.jpg\" alt=\"Scheiblingstein\" width=\"250\" height=\"175\" longdesc=\"http:\/\/www.bosruckhuette.at\/images\/scheiblingstein.jpg\" \/><\/div>\n<\/td>\n<\/tr>\n<tr>\n<td>\n<div align=\"center\">\n<p align=\"right\"><img loading=\"lazy\" decoding=\"async\" src=\"http:\/\/www.bosruckhuette.at\/images\/grpyhrgas.jpg\" alt=\"Gr. Pyhrgas\" width=\"250\" height=\"175\" longdesc=\"http:\/\/www.bosruckhuette.at\/images\/grpyhrgas\" \/><\/p>\n<\/div>\n<\/td>\n<td>\n<div align=\"left\">\n<p class=\"Stil8\" align=\"center\"><strong>Tour 6) Gr. Pyhrgas 2244m<\/strong><\/p>\n<p class=\"Stil8\" align=\"center\">Hochalpine Schitour, nur bei sicheren Verh\u00e4ltnissen ratsam.<br \/>\nSchwierigkeit: 3-4<br \/>\nH\u00f6henmeter: 1250m<br \/>\nAufstiegszeit: 3,5 Std.<br \/>\nBeste Jahreszeit: FJ<\/p>\n<\/div>\n<\/td>\n<\/tr>\n<tr>\n<td>\n<div align=\"center\">\n<p class=\"Stil8\"><strong>Tour 7) Bosruck 1992m<\/strong><\/p>\n<p><span class=\"Stil8\">Hochalpin, Steilrinnenfahrer<br \/>\nAufstieg \u00fcber Klettersteig oder \u00fcber Nordrinne<br \/>\nSchwierigkeit: 5<br \/>\nH\u00f6henmeter: 1000 Hm<br \/>\nAufstiegszeit: 4 Std.<br \/>\nBeste Jahreszeit: SFJ (ab April\/Mai)<\/span><\/p>\n<\/div>\n<\/td>\n<td>\n<div align=\"left\"><img loading=\"lazy\" decoding=\"async\" src=\"http:\/\/www.bosruckhuette.at\/images\/bosruck.jpg\" alt=\"Bosruck\" width=\"250\" height=\"175\" longdesc=\"http:\/\/www.bosruckhuette.at\/images\/bosruck.jpg\" \/><\/div>\n<\/td>\n<\/tr>\n<tr>\n<td colspan=\"2\"><\/td>\n<\/tr>\n<tr>\n<td colspan=\"2\"><\/td>\n<\/tr>\n<tr>\n<td colspan=\"2\">\n<div align=\"center\"><span class=\"Stil8\"><em><strong>Copyright by <a class=\"Stil8\" href=\"http:\/\/www.alpenoetzi.at\/\" target=\"_blank\" rel=\"noopener noreferrer\"><u>alpenoetzi<\/u><\/a><\/strong><\/em><\/span><\/div>\n<\/td>\n<\/tr>\n<tr>\n<td colspan=\"2\"><\/td>\n<\/tr>\n<tr>\n<td colspan=\"2\">\n<div class=\"Stil8\" align=\"center\">Weitere Tourentipps auf: <a class=\"Stil8\" href=\"http:\/\/www.schitourenfuehrer.at\/\" target=\"_blank\" rel=\"noopener noreferrer\"><u>www.schitourenf\u00fchrer.at<\/u><\/a><\/div>\n<\/td>\n<\/tr>\n<\/tbody>\n<\/table>\n","protected":false},"excerpt":{"rendered":"<p>Skitouren- &amp; Schneeschuhwandertipps rund um die Bosruckh\u00fctte Hinweis: F\u00fcr alle Schneeschuhwander- und Rodelfans (ruckXbob) empfehlen wir die n\u00f6tige Ausr\u00fcstung\u00a0 direkt bei Abenteuer Management (0664 14 22 933 &#8211; Manfred Angerer) auszuleihen. Gef\u00fchrte Schneeschuhwanderungen, ruckXbob-Touren (schneeschuhwandern und rodeln), sowie IglubauWorkshops mit \u00dcbernachtung bietet unser Partner &#8222;Abenteuer Management&#8220; an. START BOSRUCKH\u00dcTTE gilt f\u00fcr alle Touren: Tour 1) <a class=\"read-more\" href=\"http:\/\/bosruckhuette.eu\/?page_id=124\">Read More<\/a><\/p>\n","protected":false},"author":1,"featured_media":0,"parent":0,"menu_order":0,"comment_status":"closed","ping_status":"closed","template":"","meta":{"footnotes":""},"class_list":["post-124","page","type-page","status-publish","hentry"],"aioseo_notices":[],"_links":{"self":[{"href":"http:\/\/bosruckhuette.eu\/index.php?rest_route=\/wp\/v2\/pages\/124","targetHints":{"allow":["GET"]}}],"collection":[{"href":"http:\/\/bosruckhuette.eu\/index.php?rest_route=\/wp\/v2\/pages"}],"about":[{"href":"http:\/\/bosruckhuette.eu\/index.php?rest_route=\/wp\/v2\/types\/page"}],"author":[{"embeddable":true,"href":"http:\/\/bosruckhuette.eu\/index.php?rest_route=\/wp\/v2\/users\/1"}],"replies":[{"embeddable":true,"href":"http:\/\/bosruckhuette.eu\/index.php?rest_route=%2Fwp%2Fv2%2Fcomments&post=124"}],"version-history":[{"count":10,"href":"http:\/\/bosruckhuette.eu\/index.php?rest_route=\/wp\/v2\/pages\/124\/revisions"}],"predecessor-version":[{"id":697,"href":"http:\/\/bosruckhuette.eu\/index.php?rest_route=\/wp\/v2\/pages\/124\/revisions\/697"}],"wp:attachment":[{"href":"http:\/\/bosruckhuette.eu\/index.php?rest_route=%2Fwp%2Fv2%2Fmedia&parent=124"}],"curies":[{"name":"wp","href":"https:\/\/api.w.org\/{rel}","templated":true}]}}