{"id":126,"date":"2016-11-26T09:06:48","date_gmt":"2016-11-26T09:06:48","guid":{"rendered":"http:\/\/bosruckhuette.eu\/?page_id=126"},"modified":"2026-04-24T04:13:19","modified_gmt":"2026-04-24T04:13:19","slug":"huttenangebot","status":"publish","type":"page","link":"http:\/\/bosruckhuette.eu\/?page_id=126","title":{"rendered":"H\u00fcttenangebot"},"content":{"rendered":"<h1><span style=\"color: #99cc00;\">\u00dcbernachtung auf der BOSRUCKH\u00dcTTE!!<\/span><\/h1>\n<h1><em><a href=\"https:\/\/www.alpsonline.org\/reservation\/calendar?hut_id=596&amp;lang=de&amp;header=yes\"><span style=\"background-color: #000000;\"><span style=\"background-color: #ffffff;\"><span style=\"color: #ff0000;\"><span style=\"background-color: #000000;\"><span style=\"color: #ffffff;\">Schlafplatz reservieren<\/span><\/span><\/span><\/span><\/span><\/a><\/em><\/h1>\n<p>Das Matratzenlager mit mehreren Stockbetten nebeneinander bietet Platz f\u00fcr bis 8, 10, und 12 Personen.( 3 verschiedene Lagerr\u00e4ume )<\/p>\n<p>Haustiere sind nicht erlaubt!!!<\/p>\n<p><strong><span style=\"font-family: 'comic sans ms', sans-serif; color: #ff0000;\">F\u00fcr eine \u00dcbernachtung bitten wir den eigenen H\u00fcttenschlafsack oder einen Bett\u00fcberzug zum Reinschl\u00fcpfen und ein Handtuch mitzubringen!!!\u00a0<\/span><\/strong><\/p>\n<h2><strong><span style=\"color: #0000ff;\">N\u00e4chtigungspreise 2026 <\/span>\u00a0\u00a0\u00a0\u00a0\u00a0\u00a0\u00a0\u00a0\u00a0\u00a0 \u00a0\u00a0\u00a0\u00a0\u00a0\u00a0\u00a0\u00a0\u00a0\u00a0<\/strong><\/h2>\n<table>\n<tbody>\n<tr>\n<td width=\"567\"><span style=\"background-color: #00ff00;\"><strong>ERWACHSENE<\/strong> <\/span>(\u00fcber 25 Jahre)<\/td>\n<td width=\"246\"><strong>Mitglieder<\/strong><\/td>\n<td width=\"213\"><strong>Nichtmitglieder<\/strong><\/td>\n<\/tr>\n<tr>\n<td width=\"567\">Matrazenlager<\/td>\n<td width=\"246\">\u20ac 15,-<\/td>\n<td width=\"213\">\u20ac 27,-<\/td>\n<\/tr>\n<tr>\n<td width=\"567\"><\/td>\n<td width=\"246\"><\/td>\n<td width=\"213\"><\/td>\n<\/tr>\n<\/tbody>\n<\/table>\n<p><strong>\u00a0<\/strong><\/p>\n<p><strong>\u00a0<\/strong><\/p>\n<table>\n<tbody>\n<tr>\n<td width=\"566\"><strong><span style=\"background-color: #00ff00;\">JUNIOREN<\/span> <\/strong>(19-25 Jahre)<\/td>\n<td width=\"245\"><strong>Mitglieder<\/strong><\/td>\n<td width=\"213\"><strong>Nichtmitglieder<\/strong><\/td>\n<\/tr>\n<tr>\n<td width=\"566\">Matrazenlager<\/td>\n<td width=\"245\">\u20ac 12,-<\/td>\n<td width=\"213\">\u20ac 24,-<\/td>\n<\/tr>\n<tr>\n<td width=\"566\"><strong>\u00a0<\/strong><\/td>\n<td width=\"245\"><strong>\u00a0<\/strong><\/td>\n<td width=\"213\"><strong>\u00a0<\/strong><\/td>\n<\/tr>\n<\/tbody>\n<\/table>\n<p><strong>\u00a0<\/strong><\/p>\n<table>\n<tbody>\n<tr>\n<td width=\"567\"><span style=\"background-color: #00ff00;\"><strong>JUGEND <\/strong><\/span>(7-18 Jahre)<\/td>\n<td width=\"246\"><strong>Mitglieder<\/strong><\/td>\n<td width=\"213\"><strong>Nichtmitglieder<\/strong><\/td>\n<\/tr>\n<tr>\n<td width=\"567\">Matrazenlager<\/td>\n<td width=\"246\">\u20ac 7,-<\/td>\n<td width=\"213\">\u20ac 17,-<\/td>\n<\/tr>\n<tr>\n<td width=\"567\"><strong>\u00a0<\/strong><\/td>\n<td width=\"246\"><strong>\u00a0<\/strong><\/td>\n<td width=\"213\"><strong>\u00a0<\/strong><\/td>\n<\/tr>\n<\/tbody>\n<\/table>\n<p><strong>\u00a0<\/strong><\/p>\n<table>\n<tbody>\n<tr>\n<td width=\"567\"><span style=\"background-color: #00ff00;\"><strong>KINDER <\/strong><\/span>(bis 6 Jahre)<\/td>\n<td width=\"246\"><strong>Mitglieder<\/strong><\/td>\n<td width=\"213\"><strong>Nichtmitglieder<\/strong><\/td>\n<\/tr>\n<tr>\n<td width=\"567\">Matrazenlager<\/td>\n<td width=\"246\">\u20ac 0,-<\/td>\n<td width=\"213\">\u20ac 0,-<\/td>\n<\/tr>\n<tr>\n<td width=\"567\"><strong>\u00a0<\/strong><\/td>\n<td width=\"246\"><strong>\u00a0<\/strong><\/td>\n<td width=\"213\"><strong>\u00a0<\/strong><\/td>\n<\/tr>\n<\/tbody>\n<\/table>\n<p><strong>\u00a0*Den verg\u00fcnstigen Preis erhalten nur Mitglieder und Gleichgestellte unter Vorlage eines g\u00fcltigen Mitgliederausweises!!<\/strong><\/p>\n<p><strong><span style=\"background-color: #00ff00;\">Fr\u00fchst\u00fcck<\/span>: <\/strong><\/p>\n<p>Erwachsene\u00a0 \u00a0\u20ac\u00a0 16,00<\/p>\n<p>Kinder bis 12 Jahre\u00a0 \u00a0\u20ac\u00a0 9,50 \u00a0\u00a0\u00a0\u00a0\u00a0\u00a0\u00a0\u00a0\u00a0\u00a0\u00a0\u00a0\u00a0\u00a0\u00a0\u00a0\u00a0\u00a0\u00a0\u00a0\u00a0\u00a0\u00a0\u00a0\u00a0\u00a0\u00a0\u00a0\u00a0\u00a0\u00a0\u00a0\u00a0\u00a0\u00a0\u00a0\u00a0\u00a0\u00a0Kinder bis 6 Jahre\u00a0 \u00a0\u20ac\u00a0 7,50<\/p>\n<p><span style=\"background-color: #00ff00;\"><strong>Turismusabgabe <\/strong><\/span>f\u00fcr abgabepflichtige Personen zuz\u00fcglich :\u00a0 \u00a0\u20ac 3,00\/Person\/Nacht<\/p>\n<p>Weitere Infos telefonisch unter: 07563 666 oder E-mail:<a href=\"mailto:info@bosruckhuette.eu\"> info@bosruckhuette.eu<\/a><\/p>\n<h3><strong><span style=\"color: #ff0000;\">\u00a0 \u00a0 \u00a0 \u00a0 \u00a0 \u00a0 \u00a0 \u00a0 \u00a0 \u00a0 \u00a0 \u00a0 \u00a0 \u00a0 \u00a0 \u00a0 \u00a0 \u00a0 \u00a0 \u00a0 \u00a0 \u00a0 \u00a0 \u00a0 \u00a0 \u00a0 \u00a0 \u00a0 \u00a0 \u00a0 \u00a0 \u00a0 \u00a0 \u00a0 \u00a0 \u00a0 \u00a0 \u00a0 \u00a0 \u00a0 <\/span><\/strong><strong><span style=\"color: #ff0000;\"><span style=\"color: #00ff00;\">ACHTUNG!! NEU!!!\u00a0<\/span> \u00a0 \u00a0 \u00a0 \u00a0 \u00a0 \u00a0 \u00a0 \u00a0 \u00a0 \u00a0 <\/span><\/strong><\/h3>\n<h3><strong><span style=\"color: #ff0000;\">\u00a0 Neben Barzahlung ab sofort auch Kartenzahlung m\u00f6glich!!\u00a0<\/span><\/strong><\/h3>\n<h3><\/h3>\n<h3><\/h3>\n<h3><\/h3>\n<h3><\/h3>\n<h3>Speisen &amp; Getr\u00e4nke<\/h3>\n<p>F\u00fcr das leibliche Wohl sorgen wir mit gewohnter, gut b\u00fcrgerlicher Hausmannskost.<\/p>\n<p style=\"text-align: center;\"><strong>Hinweis:<\/strong><br \/>\nF\u00fcr alle Schneeschuhwander- und Rodelfans (ruckXbob) empfehlen wir die n\u00f6tige Ausr\u00fcstung direkt<br \/>\nbei Abenteuer Management (0664 14 22 933 \u2013 Manfred Angerer) auszuleihen.<\/p>\n","protected":false},"excerpt":{"rendered":"<p>\u00dcbernachtung auf der BOSRUCKH\u00dcTTE!! Schlafplatz reservieren Das Matratzenlager mit mehreren Stockbetten nebeneinander bietet Platz f\u00fcr bis 8, 10, und 12 Personen.( 3 verschiedene Lagerr\u00e4ume ) Haustiere sind nicht erlaubt!!! F\u00fcr eine \u00dcbernachtung bitten wir den eigenen H\u00fcttenschlafsack oder einen Bett\u00fcberzug zum Reinschl\u00fcpfen und ein Handtuch mitzubringen!!!\u00a0 N\u00e4chtigungspreise 2026 \u00a0\u00a0\u00a0\u00a0\u00a0\u00a0\u00a0\u00a0\u00a0\u00a0 \u00a0\u00a0\u00a0\u00a0\u00a0\u00a0\u00a0\u00a0\u00a0\u00a0 ERWACHSENE (\u00fcber 25 Jahre) Mitglieder <a class=\"read-more\" href=\"http:\/\/bosruckhuette.eu\/?page_id=126\">Read More<\/a><\/p>\n","protected":false},"author":1,"featured_media":0,"parent":0,"menu_order":0,"comment_status":"closed","ping_status":"closed","template":"","meta":{"footnotes":""},"class_list":["post-126","page","type-page","status-publish","hentry"],"aioseo_notices":[],"_links":{"self":[{"href":"http:\/\/bosruckhuette.eu\/index.php?rest_route=\/wp\/v2\/pages\/126","targetHints":{"allow":["GET"]}}],"collection":[{"href":"http:\/\/bosruckhuette.eu\/index.php?rest_route=\/wp\/v2\/pages"}],"about":[{"href":"http:\/\/bosruckhuette.eu\/index.php?rest_route=\/wp\/v2\/types\/page"}],"author":[{"embeddable":true,"href":"http:\/\/bosruckhuette.eu\/index.php?rest_route=\/wp\/v2\/users\/1"}],"replies":[{"embeddable":true,"href":"http:\/\/bosruckhuette.eu\/index.php?rest_route=%2Fwp%2Fv2%2Fcomments&post=126"}],"version-history":[{"count":79,"href":"http:\/\/bosruckhuette.eu\/index.php?rest_route=\/wp\/v2\/pages\/126\/revisions"}],"predecessor-version":[{"id":694,"href":"http:\/\/bosruckhuette.eu\/index.php?rest_route=\/wp\/v2\/pages\/126\/revisions\/694"}],"wp:attachment":[{"href":"http:\/\/bosruckhuette.eu\/index.php?rest_route=%2Fwp%2Fv2%2Fmedia&parent=126"}],"curies":[{"name":"wp","href":"https:\/\/api.w.org\/{rel}","templated":true}]}}