{"id":130,"date":"2016-11-26T09:08:49","date_gmt":"2016-11-26T09:08:49","guid":{"rendered":"http:\/\/bosruckhuette.eu\/?page_id=130"},"modified":"2020-03-12T10:29:09","modified_gmt":"2020-03-12T10:29:09","slug":"kontakt-anreise","status":"publish","type":"page","link":"http:\/\/bosruckhuette.eu\/?page_id=130","title":{"rendered":"Kontakt &#038; Anreise"},"content":{"rendered":"<table border=\"0\" width=\"100%\">\n<tbody>\n<tr>\n<td style=\"text-align: center;\"><strong><img loading=\"lazy\" decoding=\"async\" class=\"size-medium wp-image-369 alignleft\" src=\"http:\/\/bosruckhuette.eu\/wp-content\/uploads\/2020\/03\/Familie-Pal-Bosruckh\u00fctte-300x225.jpg\" alt=\"\" width=\"300\" height=\"225\" srcset=\"http:\/\/bosruckhuette.eu\/wp-content\/uploads\/2020\/03\/Familie-Pal-Bosruckh\u00fctte-300x225.jpg 300w, http:\/\/bosruckhuette.eu\/wp-content\/uploads\/2020\/03\/Familie-Pal-Bosruckh\u00fctte-1024x768.jpg 1024w, http:\/\/bosruckhuette.eu\/wp-content\/uploads\/2020\/03\/Familie-Pal-Bosruckh\u00fctte-768x576.jpg 768w, http:\/\/bosruckhuette.eu\/wp-content\/uploads\/2020\/03\/Familie-Pal-Bosruckh\u00fctte.jpg 1351w\" sizes=\"auto, (max-width: 300px) 100vw, 300px\" \/>Kontakt<\/strong>:<\/p>\n<p style=\"text-align: center;\">Fam. Nikoletta und Gabor PAL<br \/>\nBosruckh\u00fctte<br \/>\nGr\u00fcnau 31<br \/>\nA-4582 Spital\/Pyhrn<br \/>\nH\u00fctte: 07563 \/ 666<br \/>\nEmail: <a href=\"mailto:info@bosruckhuette.eu\" target=\"_blank\" rel=\"noopener noreferrer\">info@bosruckhuette.eu<\/a><\/p>\n<\/td>\n<\/tr>\n<tr>\n<td><\/td>\n<\/tr>\n<tr>\n<td><iframe loading=\"lazy\" style=\"border: 0;\" tabindex=\"0\" src=\"https:\/\/www.google.com\/maps\/embed?pb=!1m18!1m12!1m3!1d2688.3189105620513!2d14.364280615631666!3d47.63936927918681!2m3!1f0!2f0!3f0!3m2!1i1024!2i768!4f13.1!3m3!1m2!1s0x47717771f0f564ed%3A0x7b62f3b6764828ae!2sBosruck%20H%C3%BCtte!5e0!3m2!1sde!2sat!4v1584008463752!5m2!1sde!2sat\" width=\"600\" height=\"450\" frameborder=\"0\" allowfullscreen=\"allowfullscreen\" aria-hidden=\"false\"><\/iframe><\/p>\n<blockquote><p>Hinweis:<br \/>\nIm Winter ist es empfehlswert Schneeketten mitzuf\u00fchren und im Bedarfsfall aufzulegen. Die Stra\u00dfe zur H\u00fctte ist oft schneebedeckt.<\/p><\/blockquote>\n<p><strong>Auto<\/strong>:<br \/>\nA3: N\u00fcrnberg &#8211; Regensburg &#8211; Passau &#8211; \u00fcber die Autobahn Richtung Wels (A8) bis Knoten Voralpenkreuz &#8211; Auffahrt Autobahn (A9) bis nach Spital am Pyhrn<br \/>\nA1: Westautobahn Salzburg(A1) Richtung Graz &#8211; Voralpenkreuz:Pyhrnautobahn(A9) bis nach Spital am Pyhrn<br \/>\nA9: Pyhrnautobahn Graz &#8211; Bruck an der Mur &#8211; Spital am Pyhrn<\/p>\n<p><strong>Bahn<\/strong>:<br \/>\nSpital \/ Pyhrn (20 min. vor Ort)<br \/>\n<a href=\"http:\/\/fahrplan.oebb.at\/\" target=\"_blank\" rel=\"noopener noreferrer\">Fahrplan-Abfrage \u00d6BB<\/a><br \/>\n<a href=\"http:\/\/www.bahn.de\/\" target=\"_blank\" rel=\"noopener noreferrer\">Fahrplan-Abfrage DB<\/a><br \/>\n<strong>Bus<\/strong>:<br \/>\nSpital \/ Pyhrn<br \/>\n<a href=\"http:\/\/www.postbus.at\/\" target=\"_blank\" rel=\"noopener noreferrer\">Fahrplan-Abfrage \u00d6BB-Postbus<\/a><\/td>\n<\/tr>\n<\/tbody>\n<\/table>\n","protected":false},"excerpt":{"rendered":"<p>Kontakt: Fam. Nikoletta und Gabor PAL Bosruckh\u00fctte Gr\u00fcnau 31 A-4582 Spital\/Pyhrn H\u00fctte: 07563 \/ 666 Email: info@bosruckhuette.eu Hinweis: Im Winter ist es empfehlswert Schneeketten mitzuf\u00fchren und im Bedarfsfall aufzulegen. Die Stra\u00dfe zur H\u00fctte ist oft schneebedeckt. Auto: A3: N\u00fcrnberg &#8211; Regensburg &#8211; Passau &#8211; \u00fcber die Autobahn Richtung Wels (A8) bis Knoten Voralpenkreuz &#8211; Auffahrt <a class=\"read-more\" href=\"http:\/\/bosruckhuette.eu\/?page_id=130\">Read More<\/a><\/p>\n","protected":false},"author":1,"featured_media":0,"parent":0,"menu_order":0,"comment_status":"closed","ping_status":"closed","template":"","meta":{"footnotes":""},"class_list":["post-130","page","type-page","status-publish","hentry"],"aioseo_notices":[],"_links":{"self":[{"href":"http:\/\/bosruckhuette.eu\/index.php?rest_route=\/wp\/v2\/pages\/130","targetHints":{"allow":["GET"]}}],"collection":[{"href":"http:\/\/bosruckhuette.eu\/index.php?rest_route=\/wp\/v2\/pages"}],"about":[{"href":"http:\/\/bosruckhuette.eu\/index.php?rest_route=\/wp\/v2\/types\/page"}],"author":[{"embeddable":true,"href":"http:\/\/bosruckhuette.eu\/index.php?rest_route=\/wp\/v2\/users\/1"}],"replies":[{"embeddable":true,"href":"http:\/\/bosruckhuette.eu\/index.php?rest_route=%2Fwp%2Fv2%2Fcomments&post=130"}],"version-history":[{"count":9,"href":"http:\/\/bosruckhuette.eu\/index.php?rest_route=\/wp\/v2\/pages\/130\/revisions"}],"predecessor-version":[{"id":371,"href":"http:\/\/bosruckhuette.eu\/index.php?rest_route=\/wp\/v2\/pages\/130\/revisions\/371"}],"wp:attachment":[{"href":"http:\/\/bosruckhuette.eu\/index.php?rest_route=%2Fwp%2Fv2%2Fmedia&parent=130"}],"curies":[{"name":"wp","href":"https:\/\/api.w.org\/{rel}","templated":true}]}}